{"id":92,"date":"2026-03-03T09:40:34","date_gmt":"2026-03-03T09:40:34","guid":{"rendered":"https:\/\/jesusarancibia.fpcei.eu\/?page_id=92"},"modified":"2026-04-20T17:38:38","modified_gmt":"2026-04-20T17:38:38","slug":"pantalones-hombre-y-mujer","status":"publish","type":"page","link":"https:\/\/jesusarancibia.fpcei.eu\/?page_id=92","title":{"rendered":"Contactos"},"content":{"rendered":"\n<h2 class=\"wp-block-heading\">Atenci\u00f3n Personalizada y Consultas<\/h2>\n\n\n\n<p>\u200bQueremos que tu experiencia de compra sea tan impecable como nuestras prendas y por eso ponemos a tu disposici\u00f3n un equipo humano listo para resolver cualquier duda sobre tallas, env\u00edos o materiales. Si necesitas asesoramiento para elegir el conjunto perfecto o tienes alguna pregunta sobre tu pedido en curso, puedes escribirnos directamente a nuestro correo electr\u00f3nico de soporte. Nos comprometemos a responderte en un plazo inferior a veinticuatro horas laborables para que no tengas que esperar y puedas disfrutar de tu nueva ropa cuanto antes.<\/p>\n\n\n\n<h2 class=\"wp-block-heading\">\u200bCanales de Comunicaci\u00f3n Directa<\/h2>\n\n\n\n<p>\u200bAdem\u00e1s de nuestra asistencia por mensajer\u00eda, puedes encontrarnos activos en nuestras redes sociales donde compartimos novedades diarias y respondemos tus comentarios de forma inmediata. Si prefieres un trato m\u00e1s tradicional, dispones de nuestro formulario de contacto en esta misma p\u00e1gina donde solo tienes que dejarnos tus datos y el motivo de tu consulta. Valoramos enormemente tu opini\u00f3n y tus sugerencias, ya que nos ayudan a mejorar cada colecci\u00f3n y a ofrecerte siempre lo mejor de nuestra firma de moda.<\/p>\n\n\n\n<h2 class=\"wp-block-heading\">\u200bHorarios y Ubicaci\u00f3n de Soporte<\/h2>\n\n\n\n<p>\u200bNuestro servicio de atenci\u00f3n al cliente permanece operativo de lunes a viernes en horario de oficina para garantizar que cada gesti\u00f3n se tramite con la m\u00e1xima eficacia. Aunque somos una tienda principalmente digital, cuidamos cada detalle del empaquetado y la log\u00edstica desde nuestra central para que recibas tus camisas, pantalones o gorras en perfecto estado. No dudes en contactar con nosotros para cualquier gesti\u00f3n de cambios o devoluciones, ya que nuestra prioridad absoluta es que te sientas totalmente conforme con cada una de tus compras.<\/p>\n\n\n\n<ul class=\"wp-block-social-links is-content-justification-right is-layout-flex wp-container-core-social-links-is-layout-d445cf74 wp-block-social-links-is-layout-flex\"><li class=\"wp-social-link wp-social-link-facebook  wp-block-social-link\"><a href=\"https:\/\/www.facebook.com\/ropadeprimera?locale=es_ES\" class=\"wp-block-social-link-anchor\"><svg width=\"24\" height=\"24\" viewBox=\"0 0 24 24\" version=\"1.1\" xmlns=\"http:\/\/www.w3.org\/2000\/svg\" aria-hidden=\"true\" focusable=\"false\"><path d=\"M12 2C6.5 2 2 6.5 2 12c0 5 3.7 9.1 8.4 9.9v-7H7.9V12h2.5V9.8c0-2.5 1.5-3.9 3.8-3.9 1.1 0 2.2.2 2.2.2v2.5h-1.3c-1.2 0-1.6.8-1.6 1.6V12h2.8l-.4 2.9h-2.3v7C18.3 21.1 22 17 22 12c0-5.5-4.5-10-10-10z\"><\/path><\/svg><span class=\"wp-block-social-link-label screen-reader-text\">Facebook<\/span><\/a><\/li>\n\n<li class=\"wp-social-link wp-social-link-instagram  wp-block-social-link\"><a href=\"https:\/\/www.instagram.com\/zara\/\" class=\"wp-block-social-link-anchor\"><svg width=\"24\" height=\"24\" viewBox=\"0 0 24 24\" version=\"1.1\" xmlns=\"http:\/\/www.w3.org\/2000\/svg\" aria-hidden=\"true\" focusable=\"false\"><path d=\"M12,4.622c2.403,0,2.688,0.009,3.637,0.052c0.877,0.04,1.354,0.187,1.671,0.31c0.42,0.163,0.72,0.358,1.035,0.673 c0.315,0.315,0.51,0.615,0.673,1.035c0.123,0.317,0.27,0.794,0.31,1.671c0.043,0.949,0.052,1.234,0.052,3.637 s-0.009,2.688-0.052,3.637c-0.04,0.877-0.187,1.354-0.31,1.671c-0.163,0.42-0.358,0.72-0.673,1.035 c-0.315,0.315-0.615,0.51-1.035,0.673c-0.317,0.123-0.794,0.27-1.671,0.31c-0.949,0.043-1.233,0.052-3.637,0.052 s-2.688-0.009-3.637-0.052c-0.877-0.04-1.354-0.187-1.671-0.31c-0.42-0.163-0.72-0.358-1.035-0.673 c-0.315-0.315-0.51-0.615-0.673-1.035c-0.123-0.317-0.27-0.794-0.31-1.671C4.631,14.688,4.622,14.403,4.622,12 s0.009-2.688,0.052-3.637c0.04-0.877,0.187-1.354,0.31-1.671c0.163-0.42,0.358-0.72,0.673-1.035 c0.315-0.315,0.615-0.51,1.035-0.673c0.317-0.123,0.794-0.27,1.671-0.31C9.312,4.631,9.597,4.622,12,4.622 M12,3 C9.556,3,9.249,3.01,8.289,3.054C7.331,3.098,6.677,3.25,6.105,3.472C5.513,3.702,5.011,4.01,4.511,4.511 c-0.5,0.5-0.808,1.002-1.038,1.594C3.25,6.677,3.098,7.331,3.054,8.289C3.01,9.249,3,9.556,3,12c0,2.444,0.01,2.751,0.054,3.711 c0.044,0.958,0.196,1.612,0.418,2.185c0.23,0.592,0.538,1.094,1.038,1.594c0.5,0.5,1.002,0.808,1.594,1.038 c0.572,0.222,1.227,0.375,2.185,0.418C9.249,20.99,9.556,21,12,21s2.751-0.01,3.711-0.054c0.958-0.044,1.612-0.196,2.185-0.418 c0.592-0.23,1.094-0.538,1.594-1.038c0.5-0.5,0.808-1.002,1.038-1.594c0.222-0.572,0.375-1.227,0.418-2.185 C20.99,14.751,21,14.444,21,12s-0.01-2.751-0.054-3.711c-0.044-0.958-0.196-1.612-0.418-2.185c-0.23-0.592-0.538-1.094-1.038-1.594 c-0.5-0.5-1.002-0.808-1.594-1.038c-0.572-0.222-1.227-0.375-2.185-0.418C14.751,3.01,14.444,3,12,3L12,3z M12,7.378 c-2.552,0-4.622,2.069-4.622,4.622S9.448,16.622,12,16.622s4.622-2.069,4.622-4.622S14.552,7.378,12,7.378z M12,15 c-1.657,0-3-1.343-3-3s1.343-3,3-3s3,1.343,3,3S13.657,15,12,15z M16.804,6.116c-0.596,0-1.08,0.484-1.08,1.08 s0.484,1.08,1.08,1.08c0.596,0,1.08-0.484,1.08-1.08S17.401,6.116,16.804,6.116z\"><\/path><\/svg><span class=\"wp-block-social-link-label screen-reader-text\">Instagram<\/span><\/a><\/li>\n\n<li class=\"wp-social-link wp-social-link-mail  wp-block-social-link\"><a href=\"mailto:p&#101;&#100;&#105;d&#111;s_d&#101;&#112;o&#114;t&#101;&#064;&#104;ot&#109;&#097;&#105;&#108;.co&#109;\" class=\"wp-block-social-link-anchor\"><svg width=\"24\" height=\"24\" viewBox=\"0 0 24 24\" version=\"1.1\" xmlns=\"http:\/\/www.w3.org\/2000\/svg\" aria-hidden=\"true\" focusable=\"false\"><path d=\"M19,5H5c-1.1,0-2,.9-2,2v10c0,1.1.9,2,2,2h14c1.1,0,2-.9,2-2V7c0-1.1-.9-2-2-2zm.5,12c0,.3-.2.5-.5.5H5c-.3,0-.5-.2-.5-.5V9.8l7.5,5.6,7.5-5.6V17zm0-9.1L12,13.6,4.5,7.9V7c0-.3.2-.5.5-.5h14c.3,0,.5.2.5.5v.9z\"><\/path><\/svg><span class=\"wp-block-social-link-label screen-reader-text\">Correo electr\u00f3nico<\/span><\/a><\/li><\/ul>\n","protected":false},"excerpt":{"rendered":"<p>Atenci\u00f3n Personalizada y Consultas \u200bQueremos que tu experiencia de compra sea tan impecable como nuestras prendas y por eso ponemos a tu disposici\u00f3n un equipo humano listo para resolver cualquier duda sobre tallas, env\u00edos o materiales. Si necesitas asesoramiento para elegir el conjunto perfecto o tienes alguna pregunta sobre tu pedido en curso, puedes escribirnos [&hellip;]<\/p>\n","protected":false},"author":2,"featured_media":0,"parent":0,"menu_order":0,"comment_status":"open","ping_status":"closed","template":"page-with-title","meta":{"footnotes":""},"class_list":["post-92","page","type-page","status-publish","hentry"],"_links":{"self":[{"href":"https:\/\/jesusarancibia.fpcei.eu\/index.php?rest_route=\/wp\/v2\/pages\/92","targetHints":{"allow":["GET"]}}],"collection":[{"href":"https:\/\/jesusarancibia.fpcei.eu\/index.php?rest_route=\/wp\/v2\/pages"}],"about":[{"href":"https:\/\/jesusarancibia.fpcei.eu\/index.php?rest_route=\/wp\/v2\/types\/page"}],"author":[{"embeddable":true,"href":"https:\/\/jesusarancibia.fpcei.eu\/index.php?rest_route=\/wp\/v2\/users\/2"}],"replies":[{"embeddable":true,"href":"https:\/\/jesusarancibia.fpcei.eu\/index.php?rest_route=%2Fwp%2Fv2%2Fcomments&post=92"}],"version-history":[{"count":7,"href":"https:\/\/jesusarancibia.fpcei.eu\/index.php?rest_route=\/wp\/v2\/pages\/92\/revisions"}],"predecessor-version":[{"id":234,"href":"https:\/\/jesusarancibia.fpcei.eu\/index.php?rest_route=\/wp\/v2\/pages\/92\/revisions\/234"}],"wp:attachment":[{"href":"https:\/\/jesusarancibia.fpcei.eu\/index.php?rest_route=%2Fwp%2Fv2%2Fmedia&parent=92"}],"curies":[{"name":"wp","href":"https:\/\/api.w.org\/{rel}","templated":true}]}}