{"id":235,"date":"2026-04-20T17:49:18","date_gmt":"2026-04-20T17:49:18","guid":{"rendered":"https:\/\/jesusarancibia.fpcei.eu\/?page_id=235"},"modified":"2026-04-20T17:49:18","modified_gmt":"2026-04-20T17:49:18","slug":"inicio","status":"publish","type":"page","link":"https:\/\/jesusarancibia.fpcei.eu\/?page_id=235","title":{"rendered":"Inicio"},"content":{"rendered":"\n<p>En <strong>FashionShop<\/strong> entendemos que la moda es la expresi\u00f3n m\u00e1s pura de tu personalidad, por eso hemos creado una selecci\u00f3n exclusiva donde la calidad y el dise\u00f1o se encuentran para ofrecerte algo \u00fanico. <\/p>\n\n\n\n<div class=\"wp-block-columns is-layout-flex wp-container-core-columns-is-layout-28f84493 wp-block-columns-is-layout-flex\">\n<div class=\"wp-block-column is-layout-flow wp-block-column-is-layout-flow\">\n<figure class=\"wp-block-image size-large\"><img loading=\"lazy\" decoding=\"async\" width=\"1024\" height=\"576\" src=\"http:\/\/jesusarancibia.fpcei.eu\/wp-content\/uploads\/2026\/01\/hannah-morgan-ycVFts5Ma4s-unsplash__1_-1024x576.jpg\" alt=\"\" class=\"wp-image-20\" srcset=\"https:\/\/jesusarancibia.fpcei.eu\/wp-content\/uploads\/2026\/01\/hannah-morgan-ycVFts5Ma4s-unsplash__1_-1024x576.jpg 1024w, https:\/\/jesusarancibia.fpcei.eu\/wp-content\/uploads\/2026\/01\/hannah-morgan-ycVFts5Ma4s-unsplash__1_-300x169.jpg 300w, https:\/\/jesusarancibia.fpcei.eu\/wp-content\/uploads\/2026\/01\/hannah-morgan-ycVFts5Ma4s-unsplash__1_-768x432.jpg 768w, https:\/\/jesusarancibia.fpcei.eu\/wp-content\/uploads\/2026\/01\/hannah-morgan-ycVFts5Ma4s-unsplash__1_-1536x864.jpg 1536w, https:\/\/jesusarancibia.fpcei.eu\/wp-content\/uploads\/2026\/01\/hannah-morgan-ycVFts5Ma4s-unsplash__1_-2048x1151.jpg 2048w\" sizes=\"auto, (max-width: 1024px) 100vw, 1024px\" \/><\/figure>\n<\/div>\n<\/div>\n\n\n\n<p>Nuestra nueva colecci\u00f3n est\u00e1 pensada para quienes buscan destacar sin sacrificar la comodidad, utilizando materiales premium que garantizan durabilidad y un ajuste perfecto en cada silueta. <\/p>\n\n\n\n<div class=\"wp-block-columns is-layout-flex wp-container-core-columns-is-layout-28f84493 wp-block-columns-is-layout-flex\">\n<div class=\"wp-block-column is-layout-flow wp-block-column-is-layout-flow\">\n<figure class=\"wp-block-image size-full is-resized\"><img loading=\"lazy\" decoding=\"async\" width=\"612\" height=\"408\" src=\"https:\/\/jesusarancibia.fpcei.eu\/wp-content\/uploads\/2026\/04\/istockphoto-1466000525-612x612-1.jpg\" alt=\"\" class=\"wp-image-236\" style=\"width:614px;height:auto\" srcset=\"https:\/\/jesusarancibia.fpcei.eu\/wp-content\/uploads\/2026\/04\/istockphoto-1466000525-612x612-1.jpg 612w, https:\/\/jesusarancibia.fpcei.eu\/wp-content\/uploads\/2026\/04\/istockphoto-1466000525-612x612-1-300x200.jpg 300w, https:\/\/jesusarancibia.fpcei.eu\/wp-content\/uploads\/2026\/04\/istockphoto-1466000525-612x612-1-600x400.jpg 600w\" sizes=\"auto, (max-width: 612px) 100vw, 612px\" \/><\/figure>\n<\/div>\n<\/div>\n\n\n\n<p>Queremos que cada vez que abras tu armario encuentres esa prenda especial que te haga sentir con la confianza necesaria para enfrentar el d\u00eda, ya sea con nuestros b\u00e1sicos esenciales que nunca fallan o con las piezas de tendencia que marcan el ritmo de la temporada. <\/p>\n\n\n\n<div class=\"wp-block-columns is-layout-flex wp-container-core-columns-is-layout-28f84493 wp-block-columns-is-layout-flex\">\n<div class=\"wp-block-column is-layout-flow wp-block-column-is-layout-flow\">\n<figure class=\"wp-block-image size-full\"><img loading=\"lazy\" decoding=\"async\" width=\"1024\" height=\"576\" src=\"https:\/\/jesusarancibia.fpcei.eu\/wp-content\/uploads\/2026\/04\/855924615_242356692_1024x576.webp\" alt=\"\" class=\"wp-image-237\" srcset=\"https:\/\/jesusarancibia.fpcei.eu\/wp-content\/uploads\/2026\/04\/855924615_242356692_1024x576.webp 1024w, https:\/\/jesusarancibia.fpcei.eu\/wp-content\/uploads\/2026\/04\/855924615_242356692_1024x576-300x169.webp 300w, https:\/\/jesusarancibia.fpcei.eu\/wp-content\/uploads\/2026\/04\/855924615_242356692_1024x576-768x432.webp 768w, https:\/\/jesusarancibia.fpcei.eu\/wp-content\/uploads\/2026\/04\/855924615_242356692_1024x576-600x338.webp 600w\" sizes=\"auto, (max-width: 1024px) 100vw, 1024px\" \/><\/figure>\n<\/div>\n<\/div>\n\n\n\n<p>Nos comprometemos no solo con tu estilo, sino tambi\u00e9n con tu experiencia de compra, ofreci\u00e9ndote env\u00edos r\u00e1pidos y un sistema de devoluciones sencillo porque sabemos que tu tiempo es lo m\u00e1s importante. Explora ahora nuestro cat\u00e1logo, descubre tu pr\u00f3xima prenda favorita y \u00fanete a nuestra comunidad para recibir beneficios exclusivos y acceso anticipado a todos nuestros lanzamientos, porque vestir bien es solo el principio de una gran actitud.<\/p>\n\n\n\n<p><\/p>\n\n\n\n<p><\/p>\n\n\n\n<p><\/p>\n\n\n\n<p><\/p>\n\n\n\n<p><\/p>\n","protected":false},"excerpt":{"rendered":"<p>En FashionShop entendemos que la moda es la expresi\u00f3n m\u00e1s pura de tu personalidad, por eso hemos creado una selecci\u00f3n exclusiva donde la calidad y el dise\u00f1o se encuentran para ofrecerte algo \u00fanico. Nuestra nueva colecci\u00f3n est\u00e1 pensada para quienes buscan destacar sin sacrificar la comodidad, utilizando materiales premium que garantizan durabilidad y un ajuste [&hellip;]<\/p>\n","protected":false},"author":2,"featured_media":0,"parent":0,"menu_order":0,"comment_status":"closed","ping_status":"closed","template":"page-with-title","meta":{"footnotes":""},"class_list":["post-235","page","type-page","status-publish","hentry"],"_links":{"self":[{"href":"https:\/\/jesusarancibia.fpcei.eu\/index.php?rest_route=\/wp\/v2\/pages\/235","targetHints":{"allow":["GET"]}}],"collection":[{"href":"https:\/\/jesusarancibia.fpcei.eu\/index.php?rest_route=\/wp\/v2\/pages"}],"about":[{"href":"https:\/\/jesusarancibia.fpcei.eu\/index.php?rest_route=\/wp\/v2\/types\/page"}],"author":[{"embeddable":true,"href":"https:\/\/jesusarancibia.fpcei.eu\/index.php?rest_route=\/wp\/v2\/users\/2"}],"replies":[{"embeddable":true,"href":"https:\/\/jesusarancibia.fpcei.eu\/index.php?rest_route=%2Fwp%2Fv2%2Fcomments&post=235"}],"version-history":[{"count":1,"href":"https:\/\/jesusarancibia.fpcei.eu\/index.php?rest_route=\/wp\/v2\/pages\/235\/revisions"}],"predecessor-version":[{"id":238,"href":"https:\/\/jesusarancibia.fpcei.eu\/index.php?rest_route=\/wp\/v2\/pages\/235\/revisions\/238"}],"wp:attachment":[{"href":"https:\/\/jesusarancibia.fpcei.eu\/index.php?rest_route=%2Fwp%2Fv2%2Fmedia&parent=235"}],"curies":[{"name":"wp","href":"https:\/\/api.w.org\/{rel}","templated":true}]}}